{"id":11,"date":"2026-04-02T03:28:42","date_gmt":"2026-04-02T03:28:42","guid":{"rendered":"https:\/\/sangui369.com\/?page_id=11"},"modified":"2026-04-16T09:12:59","modified_gmt":"2026-04-16T13:12:59","slug":"sangui369","status":"publish","type":"page","link":"https:\/\/www.sangui369.com\/es\/","title":{"rendered":"Sangui369 &#8211; Welcome to our official webstie"},"content":{"rendered":"<div class=\"nfd-p-lg nfd-rounded-lg wp-block-cover alignfull is-light\" style=\"min-height:574px;aspect-ratio:unset;\"><video class=\"wp-block-cover__video-background intrinsic-ignore\" autoplay muted loop playsinline src=\"https:\/\/www.sangui369.com\/wp-content\/uploads\/2026\/04\/Welcome-Sangui369.mp4\" data-object-fit=\"cover\"><\/video><span aria-hidden=\"true\" class=\"wp-block-cover__background has-background-dim-70 has-background-dim\" style=\"background-color:#FFF\"><\/span><div class=\"wp-block-cover__inner-container is-layout-flow wp-block-cover-is-layout-flow\">\n<div class=\"nfd-container nfd-gap-md is-style-nfd-theme-primary-15 wp-block-group alignwide has-background is-vertical is-content-justification-center is-layout-flex wp-container-core-group-is-layout-fa38c63a wp-block-group-is-layout-flex\" style=\"background-color:#ffffff00\">\n<h1 class=\"wp-block-heading nfd-text-huge nfd-text-contrast nfd-text-balance has-text-align-center\"><mark style=\"background-color:rgba(0, 0, 0, 0)\" class=\"has-inline-color has-custom-color-4-color\">SANGUI369<\/mark><\/h1>\n\n\n\n<p class=\"nfd-text-xs nfd-text-balance has-text-align-center\" style=\"font-style:normal;font-weight:600;text-transform:uppercase\"><mark style=\"background-color:rgba(0, 0, 0, 0)\" class=\"has-inline-color has-custom-color-3-color\">Bienvenidos a nuestro sitio oficial<\/mark><\/p>\n<\/div>\n<\/div><\/div>\n\n\n\n<div class=\"nfd-container  nfd-wb-features__features-24 is-style-nfd-theme-white wp-block-group has-background has-global-padding is-layout-constrained wp-block-group-is-layout-constrained\" style=\"background:linear-gradient(90deg,rgb(255,255,255) 66%,rgb(247,247,248) 66%)\">\n<div class=\"nfd-gap-3xl nfd-gap-y-2xl wp-block-columns alignwide are-vertically-aligned-center is-layout-flex wp-container-core-columns-is-layout-28f84493 wp-block-columns-is-layout-flex\">\n<div class=\"md:nfd-order-2 wp-block-column is-vertically-aligned-center has-global-padding is-content-justification-left is-layout-constrained wp-container-core-column-is-layout-dc37ffa9 wp-block-column-is-layout-constrained\">\n<div class=\"nfd-gap-md wp-block-group is-vertical is-content-justification-stretch is-layout-flex wp-container-core-group-is-layout-353c4f5a wp-block-group-is-layout-flex\">\n<div class=\"is-style-default wp-block-group is-nowrap is-layout-flex wp-container-core-group-is-layout-6c531013 wp-block-group-is-layout-flex\">\n<div class=\"nfd-shadow-xs nfd-rounded-full nfd-bg-subtle wp-block-group has-global-padding is-layout-constrained wp-container-core-group-is-layout-c4486197 wp-block-group-is-layout-constrained\" style=\"padding-top:6px;padding-right:16px;padding-bottom:6px;padding-left:16px\">\n<p class=\"nfd-text-xs\" style=\"font-style:normal;font-weight:600;text-transform:uppercase\">La nueva sensaci\u00f3n musical<\/p>\n<\/div>\n<\/div>\n\n\n\n<h2 class=\"nfd-text-xl nfd-text-contrast nfd-text-balance wp-block-heading\"><mark style=\"background-color:rgba(0, 0, 0, 0)\" class=\"has-inline-color has-custom-color-4-color\">Sangui369 ha llegado a Orlando, Florida, para quedarse y revolucionar la industria musical<\/mark><\/h2>\n\n\n\n<p class=\"nfd-text-balance\">Con una propuesta musical fresca y multifac\u00e9tica tanto en ingl\u00e9s, como en espa\u00f1ol: desde impactantes sonidos y rimas de rap, hasta pegajosos ritmos urbanos y latinos, y m\u00fasica electr\u00f3nica destinada a trascender generaciones<\/p>\n\n\n\n<hr class=\"is-style-wide wp-block-separator has-alpha-channel-opacity is-style-wide--1\" style=\"margin-top:var(--wp--preset--spacing--10);margin-bottom:var(--wp--preset--spacing--10)\"\/>\n\n\n\n<div class=\"nfd-gap-md wp-block-group is-vertical is-layout-flex wp-container-core-group-is-layout-fe9cc265 wp-block-group-is-layout-flex\">\n<div class=\"nfd-max-w-prose nfd-gap-lg wp-block-group is-vertical is-layout-flex wp-container-core-group-is-layout-fe9cc265 wp-block-group-is-layout-flex\">\n<div class=\"wp-block-group is-vertical is-layout-flex wp-container-core-group-is-layout-fe9cc265 wp-block-group-is-layout-flex\" style=\"font-style:normal;font-weight:500\">\n<p class=\"nfd-text-pretty\"><mark style=\"background-color:rgba(0, 0, 0, 0)\" class=\"has-inline-color has-custom-color-3-color\">Talento venezolano, para el mundo<\/mark><\/p>\n<\/div>\n\n\n\n<div class=\"nfd-gap-md wp-block-group is-nowrap is-layout-flex wp-container-core-group-is-layout-6c531013 wp-block-group-is-layout-flex\">\n<div class=\"nfd-text-base nfd-gap-0 wp-block-group is-vertical is-layout-flex wp-container-core-group-is-layout-fe9cc265 wp-block-group-is-layout-flex\">\n<p class=\"\">Originario de Caracas, Venezuela, Sangui369 promete tocar las fibras m\u00e1s profundas de tu consciencia y tu coraz\u00f3n a trav\u00e9s de sus canciones originales. Desde adictivas y rom\u00e1nticas melod\u00edas hasta piezas filos\u00f3ficas, espirituales y profundamente cristianas, as\u00ed como historias basadas en hechos reales. <strong>Sangui369<\/strong> promete tocare las fibras m\u00e1s profundas de tu consciencia y de tu coraz\u00f3n con sus canciones originales. Desde adictivas y rom\u00e1nticas melod\u00edas, hasta piezas filos\u00f3ficas, espirituales y profundamente cristianas, as\u00ed como tambi\u00e9n historias basadas en hechos reales.<\/p>\n\n\n\n<p class=\"nfd-text-faded nfd-text-sm\">No solo podr\u00e1s disfrutar de m\u00fasica del m\u00e1s alto nivel, sino que tambi\u00e9n podr\u00e1s adentrarte en un multiverso lleno de historias reales, grandes reflexiones sobre de la vida y m\u00fasica genial para tus o\u00eddos.<\/p>\n<\/div>\n<\/div>\n<\/div>\n<\/div>\n\n\n\n<div style=\"height:0px\" aria-hidden=\"true\" class=\"wp-block-spacer wp-container-content-9760934e\"><\/div>\n<\/div>\n<\/div>\n\n\n\n<div class=\"wp-block-column is-vertically-aligned-center is-layout-flow wp-container-core-column-is-layout-8a368f38 wp-block-column-is-layout-flow\">\n<figure class=\"wp-block-image size-large\"><img data-recalc-dims=\"1\" decoding=\"async\" width=\"1024\" height=\"683\" loading=\"lazy\" src=\"https:\/\/i0.wp.com\/www.sangui369.com\/wp-content\/uploads\/2026\/04\/Sangui369-Official-Website.jpg?resize=1024%2C683&#038;ssl=1\" alt=\"Sangui369 Official Website\" class=\"wp-image-99\" style=\"aspect-ratio:1;object-fit:cover\" srcset=\"https:\/\/i0.wp.com\/www.sangui369.com\/wp-content\/uploads\/2026\/04\/Sangui369-Official-Website.jpg?resize=1024%2C683&amp;ssl=1 1024w, https:\/\/i0.wp.com\/www.sangui369.com\/wp-content\/uploads\/2026\/04\/Sangui369-Official-Website.jpg?resize=512%2C341&amp;ssl=1 512w, https:\/\/i0.wp.com\/www.sangui369.com\/wp-content\/uploads\/2026\/04\/Sangui369-Official-Website.jpg?resize=768%2C512&amp;ssl=1 768w, https:\/\/i0.wp.com\/www.sangui369.com\/wp-content\/uploads\/2026\/04\/Sangui369-Official-Website.jpg?resize=18%2C12&amp;ssl=1 18w, https:\/\/i0.wp.com\/www.sangui369.com\/wp-content\/uploads\/2026\/04\/Sangui369-Official-Website.jpg?w=1536&amp;ssl=1 1536w\" sizes=\"auto, (max-width: 1000px) 100vw, 1000px\" \/><\/figure>\n<\/div>\n<\/div>\n<\/div>\n\n\n\n<div class=\"nfd-container nfd-wb-features__features-23 wp-block-group has-background has-global-padding is-layout-constrained wp-block-group-is-layout-constrained\" style=\"background:linear-gradient(90deg,rgb(247,247,248) 33%,rgb(255,255,255) 33%)\">\n<div class=\"nfd-gap-3xl nfd-gap-y-2xl wp-block-columns alignwide are-vertically-aligned-center is-layout-flex wp-container-core-columns-is-layout-28f84493 wp-block-columns-is-layout-flex\">\n<div class=\"wp-block-column is-vertically-aligned-center is-layout-flow wp-container-core-column-is-layout-8a368f38 wp-block-column-is-layout-flow\">\n<figure class=\"wp-block-image size-large\"><img data-recalc-dims=\"1\" decoding=\"async\" width=\"1024\" height=\"576\" loading=\"lazy\" src=\"https:\/\/i0.wp.com\/www.sangui369.com\/wp-content\/uploads\/2026\/04\/About-Sangui369-DJ.jpg?resize=1024%2C576&#038;ssl=1\" alt=\"About Sangui369 DJ\" class=\"wp-image-109\" style=\"aspect-ratio:1;object-fit:cover\" srcset=\"https:\/\/i0.wp.com\/www.sangui369.com\/wp-content\/uploads\/2026\/04\/About-Sangui369-DJ.jpg?resize=1024%2C576&amp;ssl=1 1024w, https:\/\/i0.wp.com\/www.sangui369.com\/wp-content\/uploads\/2026\/04\/About-Sangui369-DJ.jpg?resize=512%2C288&amp;ssl=1 512w, https:\/\/i0.wp.com\/www.sangui369.com\/wp-content\/uploads\/2026\/04\/About-Sangui369-DJ.jpg?resize=768%2C432&amp;ssl=1 768w, https:\/\/i0.wp.com\/www.sangui369.com\/wp-content\/uploads\/2026\/04\/About-Sangui369-DJ.jpg?resize=18%2C10&amp;ssl=1 18w, https:\/\/i0.wp.com\/www.sangui369.com\/wp-content\/uploads\/2026\/04\/About-Sangui369-DJ.jpg?w=1536&amp;ssl=1 1536w\" sizes=\"auto, (max-width: 1000px) 100vw, 1000px\" \/><\/figure>\n<\/div>\n\n\n\n<div class=\"md:nfd-order-2 wp-block-column is-vertically-aligned-center has-global-padding is-content-justification-left is-layout-constrained wp-container-core-column-is-layout-e6de8758 wp-block-column-is-layout-constrained\">\n<div class=\"nfd-gap-md wp-block-group is-vertical is-content-justification-stretch is-layout-flex wp-container-core-group-is-layout-353c4f5a wp-block-group-is-layout-flex\">\n<div class=\"wp-block-group is-nowrap is-layout-flex wp-container-core-group-is-layout-6c531013 wp-block-group-is-layout-flex\">\n<div class=\"nfd-shadow-xs nfd-rounded-full nfd-bg-subtle wp-block-group has-global-padding is-layout-constrained wp-container-core-group-is-layout-c4486197 wp-block-group-is-layout-constrained\" style=\"padding-top:6px;padding-right:16px;padding-bottom:6px;padding-left:16px\">\n<p class=\"nfd-text-xs\" style=\"font-style:normal;font-weight:600;text-transform:uppercase\">Shows de DJ de Sangui369<\/p>\n<\/div>\n<\/div>\n\n\n\n<h3 class=\"nfd-text-xl nfd-text-contrast nfd-text-balance wp-block-heading\"><mark style=\"background-color:rgba(0, 0, 0, 0)\" class=\"has-inline-color has-custom-color-3-color\">\u00bfQuieres hacer de tus eventos en Orlando, Florida, lo mejor de lo mejor?<\/mark><\/h3>\n\n\n\n<p class=\"nfd-text-balance\">Tenemos todo lo que necesitas para que garantices el mejor ambiente musical para todo tipo de eventos.<\/p>\n\n\n\n<p class=\"nfd-text-balance\">\u00bfQuieres bailar con la mejor m\u00fasica y los hits m\u00e1s recientes en tus fiestas?&nbsp;<strong>\u00a1Sangui369 DJ<\/strong>&nbsp;lo hace posible!<\/p>\n\n\n\n<div style=\"height:0px\" aria-hidden=\"true\" class=\"wp-block-spacer wp-container-content-9760934e\"><\/div>\n\n\n\n<div class=\"md:nfd-hidden nfd-weight-inherit wp-block-buttons is-content-justification-left is-layout-flex wp-container-core-buttons-is-layout-fc4fd283 wp-block-buttons-is-layout-flex\" style=\"font-style:normal;font-weight:600\">\n<div class=\"nfd-btn-wide is-style-fill wp-block-button\"><a class=\"wp-block-button__link wp-element-button\" href=\"https:\/\/www.sangui369dj.com\/\">\u00a1Agenda un Show de DJ ya!<\/a><\/div>\n<\/div>\n<\/div>\n<\/div>\n<\/div>\n<\/div>\n\n\n\n<div class=\"nfd-container nfd-pt-lg  nfd-wb-media-embeds__embed-1 is-style-nfd-theme-light wp-block-group nfd-bg-effect-grid-perspective has-global-padding is-layout-constrained wp-block-group-is-layout-constrained\">\n<div class=\"nfd-gap-lg wp-block-group is-vertical is-content-justification-center is-layout-flex wp-container-core-group-is-layout-ce155fab wp-block-group-is-layout-flex\">\n<div class=\"wp-block-buttons is-content-justification-center is-layout-flex wp-container-core-buttons-is-layout-a89b3969 wp-block-buttons-is-layout-flex\">\n<div class=\"nfd-btn-xl wp-block-button\"><a class=\"wp-block-button__link wp-element-button\" href=\"https:\/\/linktr.ee\/sangui369\">\u00a1S\u00edguenos en las Redes Sociales!<\/a><\/div>\n<\/div>\n\n\n\n<h1 class=\"nfd-text-giga nfd-text-contrast nfd-text-balance wp-block-heading has-text-align-center\">Disfruta de lo m\u00e1s nuevo de <mark style=\"background-color:rgba(0, 0, 0, 0)\" class=\"has-inline-color has-custom-color-4-color\">Sagui369<\/mark> en <mark style=\"background-color:rgba(0, 0, 0, 0)\" class=\"has-inline-color has-custom-color-3-color\">YouTube<\/mark><\/h1>\n<\/div>\n\n\n\n<figure class=\"wp-embed-aspect-16-9 wp-has-aspect-ratio wp-block-embed is-type-video is-provider-youtube wp-block-embed-youtube\"><div class=\"wp-block-embed__wrapper\">\n<iframe loading=\"lazy\" title=\"La Felicidad (Official Video) - @sangui369\" width=\"500\" height=\"281\" src=\"https:\/\/www.youtube.com\/embed\/ldp_9JEFku4?list=PLtpyST-8RLEsrwSIIrzP2EzTbGL_bEMVA\" frameborder=\"0\" allow=\"accelerometer; autoplay; clipboard-write; encrypted-media; gyroscope; picture-in-picture; web-share\" referrerpolicy=\"strict-origin-when-cross-origin\" allowfullscreen><\/iframe>\n<\/div><\/figure>\n<\/div>\n\n\n\n<p class=\"\"><\/p>","protected":false},"excerpt":{"rendered":"<p>The new musical sensation Sangui369 has arrived in Orlando, Florida, to stay and to revolutionize the music industry With fresh and multifaceted artistic offerings in spanish and english: from impactful rap sounds and rhymes, to catchy urban and Latin rhythms, and electronic music aiming to transcend generations Venezuelan talent, for the world Originally from Caracas, [&hellip;]<\/p>\n","protected":false},"author":1,"featured_media":0,"parent":0,"menu_order":0,"comment_status":"closed","ping_status":"closed","template":"page-no-title","meta":{"nf_dc_page":"","footnotes":""},"class_list":["post-11","page","type-page","status-publish","hentry"],"yoast_head":"<!-- This site is optimized with the Yoast SEO plugin v27.4 - https:\/\/yoast.com\/product\/yoast-seo-wordpress\/ -->\n<title>Sangui369 - Welcome to our official webstie - Sangui369<\/title>\n<meta name=\"description\" content=\"Sangui369 has arrived in Orlando, Florida, to stay and to revolutionize the music industry. From Venezuela, for the world.\" \/>\n<meta name=\"robots\" content=\"index, follow, max-snippet:-1, max-image-preview:large, max-video-preview:-1\" \/>\n<link rel=\"canonical\" href=\"https:\/\/www.sangui369.com\/es\/\" \/>\n<meta property=\"og:locale\" content=\"es_ES\" \/>\n<meta property=\"og:type\" content=\"article\" \/>\n<meta property=\"og:title\" content=\"Sangui369 - Welcome to our official webstie - Sangui369\" \/>\n<meta property=\"og:description\" content=\"Sangui369 has arrived in Orlando, Florida, to stay and to revolutionize the music industry. From Venezuela, for the world.\" \/>\n<meta property=\"og:url\" content=\"https:\/\/www.sangui369.com\/es\/\" \/>\n<meta property=\"og:site_name\" content=\"Sangui369\" \/>\n<meta property=\"article:modified_time\" content=\"2026-04-16T13:12:59+00:00\" \/>\n<meta property=\"og:image\" content=\"https:\/\/www.sangui369.com\/wp-content\/uploads\/2026\/04\/Sangui369-Official-Website-1024x683.jpg\" \/>\n<meta name=\"twitter:card\" content=\"summary_large_image\" \/>\n<meta name=\"twitter:label1\" content=\"Tiempo estimado de lectura\" \/>\n\t<meta name=\"twitter:data1\" content=\"2 minutos\" \/>\n<script type=\"application\/ld+json\" class=\"yoast-schema-graph\">{\"@context\":\"https:\\\/\\\/schema.org\",\"@graph\":[{\"@type\":\"WebPage\",\"@id\":\"https:\\\/\\\/www.sangui369.com\\\/\",\"url\":\"https:\\\/\\\/www.sangui369.com\\\/\",\"name\":\"Sangui369 - Welcome to our official webstie - Sangui369\",\"isPartOf\":{\"@id\":\"https:\\\/\\\/www.sangui369.com\\\/#website\"},\"primaryImageOfPage\":{\"@id\":\"https:\\\/\\\/www.sangui369.com\\\/#primaryimage\"},\"image\":{\"@id\":\"https:\\\/\\\/www.sangui369.com\\\/#primaryimage\"},\"thumbnailUrl\":\"https:\\\/\\\/www.sangui369.com\\\/wp-content\\\/uploads\\\/2026\\\/04\\\/Sangui369-Official-Website-1024x683.jpg\",\"datePublished\":\"2026-04-02T03:28:42+00:00\",\"dateModified\":\"2026-04-16T13:12:59+00:00\",\"description\":\"Sangui369 has arrived in Orlando, Florida, to stay and to revolutionize the music industry. From Venezuela, for the world.\",\"breadcrumb\":{\"@id\":\"https:\\\/\\\/www.sangui369.com\\\/#breadcrumb\"},\"inLanguage\":\"es\",\"potentialAction\":[{\"@type\":\"ReadAction\",\"target\":[\"https:\\\/\\\/www.sangui369.com\\\/\"]}]},{\"@type\":\"ImageObject\",\"inLanguage\":\"es\",\"@id\":\"https:\\\/\\\/www.sangui369.com\\\/#primaryimage\",\"url\":\"https:\\\/\\\/www.sangui369.com\\\/wp-content\\\/uploads\\\/2026\\\/04\\\/Sangui369-Official-Website-1024x683.jpg\",\"contentUrl\":\"https:\\\/\\\/www.sangui369.com\\\/wp-content\\\/uploads\\\/2026\\\/04\\\/Sangui369-Official-Website-1024x683.jpg\"},{\"@type\":\"BreadcrumbList\",\"@id\":\"https:\\\/\\\/www.sangui369.com\\\/#breadcrumb\",\"itemListElement\":[{\"@type\":\"ListItem\",\"position\":1,\"name\":\"Home\",\"item\":\"https:\\\/\\\/www.sangui369.com\\\/\"},{\"@type\":\"ListItem\",\"position\":2,\"name\":\"Sangui369 &#8211; Welcome to our official webstie\"}]},{\"@type\":\"WebSite\",\"@id\":\"https:\\\/\\\/www.sangui369.com\\\/#website\",\"url\":\"https:\\\/\\\/www.sangui369.com\\\/\",\"name\":\"Sangui369\",\"description\":\"Rap music, Techno music, Electronic music, House music, Dj Shows and more...\",\"publisher\":{\"@id\":\"https:\\\/\\\/www.sangui369.com\\\/#organization\"},\"potentialAction\":[{\"@type\":\"SearchAction\",\"target\":{\"@type\":\"EntryPoint\",\"urlTemplate\":\"https:\\\/\\\/www.sangui369.com\\\/?s={search_term_string}\"},\"query-input\":{\"@type\":\"PropertyValueSpecification\",\"valueRequired\":true,\"valueName\":\"search_term_string\"}}],\"inLanguage\":\"es\"},{\"@type\":\"Organization\",\"@id\":\"https:\\\/\\\/www.sangui369.com\\\/#organization\",\"name\":\"Sangui369\",\"url\":\"https:\\\/\\\/www.sangui369.com\\\/\",\"logo\":{\"@type\":\"ImageObject\",\"inLanguage\":\"es\",\"@id\":\"https:\\\/\\\/www.sangui369.com\\\/#\\\/schema\\\/logo\\\/image\\\/\",\"url\":\"https:\\\/\\\/i0.wp.com\\\/www.sangui369.com\\\/wp-content\\\/uploads\\\/2026\\\/04\\\/Logo-SANGUI369_WWW-Icon-Large.png?fit=512%2C100&ssl=1\",\"contentUrl\":\"https:\\\/\\\/i0.wp.com\\\/www.sangui369.com\\\/wp-content\\\/uploads\\\/2026\\\/04\\\/Logo-SANGUI369_WWW-Icon-Large.png?fit=512%2C100&ssl=1\",\"width\":512,\"height\":100,\"caption\":\"Sangui369\"},\"image\":{\"@id\":\"https:\\\/\\\/www.sangui369.com\\\/#\\\/schema\\\/logo\\\/image\\\/\"},\"sameAs\":[\"https:\\\/\\\/www.instagram.com\\\/sagui369\",\"https:\\\/\\\/www.youtube.com\\\/@sangui369\\\/\"]}]}<\/script>\n<!-- \/ Yoast SEO plugin. -->","yoast_head_json":{"title":"Sangui369 - Welcome to our official webstie - Sangui369","description":"Sangui369 has arrived in Orlando, Florida, to stay and to revolutionize the music industry. From Venezuela, for the world.","robots":{"index":"index","follow":"follow","max-snippet":"max-snippet:-1","max-image-preview":"max-image-preview:large","max-video-preview":"max-video-preview:-1"},"canonical":"https:\/\/www.sangui369.com\/es\/","og_locale":"es_ES","og_type":"article","og_title":"Sangui369 - Welcome to our official webstie - Sangui369","og_description":"Sangui369 has arrived in Orlando, Florida, to stay and to revolutionize the music industry. From Venezuela, for the world.","og_url":"https:\/\/www.sangui369.com\/es\/","og_site_name":"Sangui369","article_modified_time":"2026-04-16T13:12:59+00:00","og_image":[{"url":"https:\/\/www.sangui369.com\/wp-content\/uploads\/2026\/04\/Sangui369-Official-Website-1024x683.jpg","type":"","width":"","height":""}],"twitter_card":"summary_large_image","twitter_misc":{"Tiempo estimado de lectura":"2 minutos"},"schema":{"@context":"https:\/\/schema.org","@graph":[{"@type":"WebPage","@id":"https:\/\/www.sangui369.com\/","url":"https:\/\/www.sangui369.com\/","name":"Sangui369 - Welcome to our official webstie - Sangui369","isPartOf":{"@id":"https:\/\/www.sangui369.com\/#website"},"primaryImageOfPage":{"@id":"https:\/\/www.sangui369.com\/#primaryimage"},"image":{"@id":"https:\/\/www.sangui369.com\/#primaryimage"},"thumbnailUrl":"https:\/\/www.sangui369.com\/wp-content\/uploads\/2026\/04\/Sangui369-Official-Website-1024x683.jpg","datePublished":"2026-04-02T03:28:42+00:00","dateModified":"2026-04-16T13:12:59+00:00","description":"Sangui369 has arrived in Orlando, Florida, to stay and to revolutionize the music industry. From Venezuela, for the world.","breadcrumb":{"@id":"https:\/\/www.sangui369.com\/#breadcrumb"},"inLanguage":"es","potentialAction":[{"@type":"ReadAction","target":["https:\/\/www.sangui369.com\/"]}]},{"@type":"ImageObject","inLanguage":"es","@id":"https:\/\/www.sangui369.com\/#primaryimage","url":"https:\/\/www.sangui369.com\/wp-content\/uploads\/2026\/04\/Sangui369-Official-Website-1024x683.jpg","contentUrl":"https:\/\/www.sangui369.com\/wp-content\/uploads\/2026\/04\/Sangui369-Official-Website-1024x683.jpg"},{"@type":"BreadcrumbList","@id":"https:\/\/www.sangui369.com\/#breadcrumb","itemListElement":[{"@type":"ListItem","position":1,"name":"Home","item":"https:\/\/www.sangui369.com\/"},{"@type":"ListItem","position":2,"name":"Sangui369 &#8211; Welcome to our official webstie"}]},{"@type":"WebSite","@id":"https:\/\/www.sangui369.com\/#website","url":"https:\/\/www.sangui369.com\/","name":"Sangui369","description":"Rap music, Techno music, Electronic music, House music, Dj Shows and more...","publisher":{"@id":"https:\/\/www.sangui369.com\/#organization"},"potentialAction":[{"@type":"SearchAction","target":{"@type":"EntryPoint","urlTemplate":"https:\/\/www.sangui369.com\/?s={search_term_string}"},"query-input":{"@type":"PropertyValueSpecification","valueRequired":true,"valueName":"search_term_string"}}],"inLanguage":"es"},{"@type":"Organization","@id":"https:\/\/www.sangui369.com\/#organization","name":"Sangui369","url":"https:\/\/www.sangui369.com\/","logo":{"@type":"ImageObject","inLanguage":"es","@id":"https:\/\/www.sangui369.com\/#\/schema\/logo\/image\/","url":"https:\/\/i0.wp.com\/www.sangui369.com\/wp-content\/uploads\/2026\/04\/Logo-SANGUI369_WWW-Icon-Large.png?fit=512%2C100&ssl=1","contentUrl":"https:\/\/i0.wp.com\/www.sangui369.com\/wp-content\/uploads\/2026\/04\/Logo-SANGUI369_WWW-Icon-Large.png?fit=512%2C100&ssl=1","width":512,"height":100,"caption":"Sangui369"},"image":{"@id":"https:\/\/www.sangui369.com\/#\/schema\/logo\/image\/"},"sameAs":["https:\/\/www.instagram.com\/sagui369","https:\/\/www.youtube.com\/@sangui369\/"]}]}},"jetpack_sharing_enabled":true,"jetpack-related-posts":[],"_links":{"self":[{"href":"https:\/\/www.sangui369.com\/es\/wp-json\/wp\/v2\/pages\/11","targetHints":{"allow":["GET"]}}],"collection":[{"href":"https:\/\/www.sangui369.com\/es\/wp-json\/wp\/v2\/pages"}],"about":[{"href":"https:\/\/www.sangui369.com\/es\/wp-json\/wp\/v2\/types\/page"}],"author":[{"embeddable":true,"href":"https:\/\/www.sangui369.com\/es\/wp-json\/wp\/v2\/users\/1"}],"replies":[{"embeddable":true,"href":"https:\/\/www.sangui369.com\/es\/wp-json\/wp\/v2\/comments?post=11"}],"version-history":[{"count":20,"href":"https:\/\/www.sangui369.com\/es\/wp-json\/wp\/v2\/pages\/11\/revisions"}],"predecessor-version":[{"id":150,"href":"https:\/\/www.sangui369.com\/es\/wp-json\/wp\/v2\/pages\/11\/revisions\/150"}],"wp:attachment":[{"href":"https:\/\/www.sangui369.com\/es\/wp-json\/wp\/v2\/media?parent=11"}],"curies":[{"name":"wp","href":"https:\/\/api.w.org\/{rel}","templated":true}]}}